{"id":686,"date":"2019-04-21T20:46:04","date_gmt":"2019-04-21T19:46:04","guid":{"rendered":"http:\/\/ansolo.fr\/?page_id=686"},"modified":"2022-01-30T21:35:26","modified_gmt":"2022-01-30T20:35:26","slug":"documents-2","status":"publish","type":"page","link":"https:\/\/ansolo.fr\/?page_id=686","title":{"rendered":"Documents"},"content":{"rendered":"\t\t<div data-elementor-type=\"wp-post\" data-elementor-id=\"686\" class=\"elementor elementor-686\">\n\t\t\t\t\t\t<section class=\"elementor-section elementor-top-section elementor-element elementor-element-36129095 elementor-section-boxed elementor-section-height-default elementor-section-height-default\" data-id=\"36129095\" data-element_type=\"section\" data-e-type=\"section\">\n\t\t\t\t\t\t<div class=\"elementor-container elementor-column-gap-default\">\n\t\t\t\t\t<div class=\"elementor-column elementor-col-100 elementor-top-column elementor-element elementor-element-79814f97\" data-id=\"79814f97\" data-element_type=\"column\" data-e-type=\"column\">\n\t\t\t<div class=\"elementor-widget-wrap elementor-element-populated\">\n\t\t\t\t\t\t<div class=\"elementor-element elementor-element-5ca9f711 elementor-widget elementor-widget-text-editor\" data-id=\"5ca9f711\" data-element_type=\"widget\" data-e-type=\"widget\" data-widget_type=\"text-editor.default\">\n\t\t\t\t<div class=\"elementor-widget-container\">\n\t\t\t\t\t\t\t\t\t<p><a href=\"http:\/\/s439295226.onlinehome.fr\/nextcloud\/ansolo\/\"><b>Espace r\u00e9serv\u00e9 exclusivement aux copropri\u00e9taires du VOLUME 1<\/b><\/a><br \/>afin de t\u00e9l\u00e9charger :<\/p><div>&#8211; les proc\u00e8s verbaux des<b> Assembl\u00e9es G\u00e9n\u00e9rales V1, V47 et AFUL<br \/><\/b><\/div><div>&#8211; les comptes rendus des\u00a0<b>R\u00e9unions du Conseil Syndical V1<br \/><\/b><\/div><div>&#8211; les comptes rendus des\u00a0<b>R\u00e9unions AFUL<\/b><\/div><div>&#8211; les notes diverses adress\u00e9es aux r\u00e9sidents<\/div><div>&#8211; les bilans des diagnostics effectu\u00e9s sur la r\u00e9sidence<\/div><div>&#8211;\u00a0le r\u00e8glement de copropri\u00e9t\u00e9<br \/>&#8211; diverses informations sur le fonctionnement des copropri\u00e9t\u00e9s<\/div><div>&#8211; etc.<\/div><div>\u00a0<\/div><div>Pour comprendre les r\u00f4les respectifs du Volume 1 et de l&rsquo;AFUL, vous pouvez\u00a0<a href=\"https:\/\/documents.ansolo.fr\/00-Roles-respectifs-V1-AFUL.pdf\">cliquer ici<\/a>.<\/div><div>\u00a0<\/div><div>Pour les autres documents :<\/div>\t\t\t\t\t\t\t\t<\/div>\n\t\t\t\t<\/div>\n\t\t\t\t\t<\/div>\n\t\t<\/div>\n\t\t\t\t\t<\/div>\n\t\t<\/section>\n\t\t\t\t<section class=\"elementor-section elementor-top-section elementor-element elementor-element-bd52b86 elementor-section-boxed elementor-section-height-default elementor-section-height-default\" data-id=\"bd52b86\" data-element_type=\"section\" data-e-type=\"section\">\n\t\t\t\t\t\t<div class=\"elementor-container elementor-column-gap-default\">\n\t\t\t\t\t<div class=\"elementor-column elementor-col-100 elementor-top-column elementor-element elementor-element-e6840d1\" data-id=\"e6840d1\" data-element_type=\"column\" data-e-type=\"column\">\n\t\t\t<div class=\"elementor-widget-wrap elementor-element-populated\">\n\t\t\t\t\t\t<div class=\"elementor-element elementor-element-3c9fc8d elementor-widget elementor-widget-button\" data-id=\"3c9fc8d\" data-element_type=\"widget\" data-e-type=\"widget\" data-widget_type=\"button.default\">\n\t\t\t\t<div class=\"elementor-widget-container\">\n\t\t\t\t\t\t\t\t\t<div class=\"elementor-button-wrapper\">\n\t\t\t\t\t<a class=\"elementor-button elementor-button-link elementor-size-sm elementor-animation-grow\" href=\"https:\/\/nextcloud.ansolo.fr\">\n\t\t\t\t\t\t<span class=\"elementor-button-content-wrapper\">\n\t\t\t\t\t\t<span class=\"elementor-button-icon\">\n\t\t\t\t<i aria-hidden=\"true\" class=\"fas fa-book\"><\/i>\t\t\t<\/span>\n\t\t\t\t\t\t\t\t\t<span class=\"elementor-button-text\">Identifiez-vous ICI pour acc\u00e9der \u00e0 l'espace documentaire<\/span>\n\t\t\t\t\t<\/span>\n\t\t\t\t\t<\/a>\n\t\t\t\t<\/div>\n\t\t\t\t\t\t\t\t<\/div>\n\t\t\t\t<\/div>\n\t\t\t\t\t<\/div>\n\t\t<\/div>\n\t\t\t\t\t<\/div>\n\t\t<\/section>\n\t\t\t\t<section class=\"elementor-section elementor-top-section elementor-element elementor-element-74e3e3c elementor-section-boxed elementor-section-height-default elementor-section-height-default\" data-id=\"74e3e3c\" data-element_type=\"section\" data-e-type=\"section\">\n\t\t\t\t\t\t<div class=\"elementor-container elementor-column-gap-default\">\n\t\t\t\t\t<div class=\"elementor-column elementor-col-100 elementor-top-column elementor-element elementor-element-5a75da8\" data-id=\"5a75da8\" data-element_type=\"column\" data-e-type=\"column\">\n\t\t\t<div class=\"elementor-widget-wrap elementor-element-populated\">\n\t\t\t\t\t\t<div class=\"elementor-element elementor-element-38788d9 elementor-widget elementor-widget-text-editor\" data-id=\"38788d9\" data-element_type=\"widget\" data-e-type=\"widget\" data-widget_type=\"text-editor.default\">\n\t\t\t\t<div class=\"elementor-widget-container\">\n\t\t\t\t\t\t\t\t\t<p><span style=\"text-decoration: underline;\"><b><br \/>Pour obtenir vos identifiants d&rsquo;acc\u00e8s aux documents ou recevoir les informations diffus\u00e9es r\u00e9guli\u00e8rement par le conseil syndical :<\/b><\/span><\/p><div>Veuillez SVP envoyer votre demande <a href=\"mailto:cs--v1@ansolo.fr\"><span class=\"Apple-style-span\" style=\"color: #0000ff;\"><span class=\"Apple-style-span\"><b><i>ICI<\/i><\/b><\/span><\/span><\/a><\/div><p><span class=\"Apple-style-span\" style=\"color: #0000ff;\"><span class=\"Apple-style-span\"><b><i>en pr\u00e9cisant votre nom, b\u00e2timent et \u00e9tage et votre situation (propri\u00e9taire ou locataire)<\/i><\/b><\/span><\/span><\/p><p><span style=\"text-decoration: underline;\">IMPORTANT :<\/span><span style=\"color: #ff0000;\"><strong> lutte anti-pourriels<\/strong><\/span><br \/>L&rsquo;objet\/sujet de votre message doit commencer par <span style=\"color: #0000ff;\"><strong><span style=\"text-decoration: underline;\">V1<\/span><\/strong><\/span> pour le distinguer de spams, sinon il ne parviendra pas \u00e0 son destinataire !!<\/p>\t\t\t\t\t\t\t\t<\/div>\n\t\t\t\t<\/div>\n\t\t\t\t\t<\/div>\n\t\t<\/div>\n\t\t\t\t\t<\/div>\n\t\t<\/section>\n\t\t\t\t<\/div>\n\t\t","protected":false},"excerpt":{"rendered":"<p>Espace r\u00e9serv\u00e9 exclusivement aux copropri\u00e9taires du VOLUME 1afin de t\u00e9l\u00e9charger : &#8211; les proc\u00e8s verbaux des Assembl\u00e9es G\u00e9n\u00e9rales V1, V47 et AFUL&#8211; les comptes rendus des\u00a0R\u00e9unions du Conseil Syndical V1&#8211; les comptes rendus des\u00a0R\u00e9unions AFUL&#8211; les notes diverses adress\u00e9es aux r\u00e9sidents- les bilans des diagnostics effectu\u00e9s sur la r\u00e9sidence-\u00a0le r\u00e8glement de copropri\u00e9t\u00e9&#8211; diverses informations sur &hellip; <a href=\"https:\/\/ansolo.fr\/?page_id=686\" class=\"more-link\">Continuer la lecture de <span class=\"screen-reader-text\">Documents<\/span><\/a><\/p>\n","protected":false},"author":1,"featured_media":0,"parent":0,"menu_order":0,"comment_status":"closed","ping_status":"closed","template":"","meta":{"footnotes":""},"class_list":["post-686","page","type-page","status-publish","hentry"],"_links":{"self":[{"href":"https:\/\/ansolo.fr\/index.php?rest_route=\/wp\/v2\/pages\/686","targetHints":{"allow":["GET"]}}],"collection":[{"href":"https:\/\/ansolo.fr\/index.php?rest_route=\/wp\/v2\/pages"}],"about":[{"href":"https:\/\/ansolo.fr\/index.php?rest_route=\/wp\/v2\/types\/page"}],"author":[{"embeddable":true,"href":"https:\/\/ansolo.fr\/index.php?rest_route=\/wp\/v2\/users\/1"}],"replies":[{"embeddable":true,"href":"https:\/\/ansolo.fr\/index.php?rest_route=%2Fwp%2Fv2%2Fcomments&post=686"}],"version-history":[{"count":80,"href":"https:\/\/ansolo.fr\/index.php?rest_route=\/wp\/v2\/pages\/686\/revisions"}],"predecessor-version":[{"id":1791,"href":"https:\/\/ansolo.fr\/index.php?rest_route=\/wp\/v2\/pages\/686\/revisions\/1791"}],"wp:attachment":[{"href":"https:\/\/ansolo.fr\/index.php?rest_route=%2Fwp%2Fv2%2Fmedia&parent=686"}],"curies":[{"name":"wp","href":"https:\/\/api.w.org\/{rel}","templated":true}]}}