{"id":688,"date":"2019-04-21T20:46:57","date_gmt":"2019-04-21T19:46:57","guid":{"rendered":"http:\/\/ansolo.fr\/?page_id=688"},"modified":"2022-01-30T21:36:41","modified_gmt":"2022-01-30T20:36:41","slug":"correspondance-elementor-2","status":"publish","type":"page","link":"https:\/\/ansolo.fr\/?page_id=688","title":{"rendered":"Correspondance"},"content":{"rendered":"\t\t<div data-elementor-type=\"wp-post\" data-elementor-id=\"688\" class=\"elementor elementor-688\">\n\t\t\t\t\t\t<section class=\"elementor-section elementor-top-section elementor-element elementor-element-1172f8a elementor-section-boxed elementor-section-height-default elementor-section-height-default\" data-id=\"1172f8a\" data-element_type=\"section\" data-e-type=\"section\">\n\t\t\t\t\t\t<div class=\"elementor-container elementor-column-gap-default\">\n\t\t\t\t\t<div class=\"elementor-column elementor-col-100 elementor-top-column elementor-element elementor-element-122157f2\" data-id=\"122157f2\" data-element_type=\"column\" data-e-type=\"column\">\n\t\t\t<div class=\"elementor-widget-wrap elementor-element-populated\">\n\t\t\t\t\t\t<div class=\"elementor-element elementor-element-2f0691b9 elementor-drop-cap-yes elementor-drop-cap-view-default elementor-widget elementor-widget-text-editor\" data-id=\"2f0691b9\" data-element_type=\"widget\" data-e-type=\"widget\" data-settings=\"{&quot;drop_cap&quot;:&quot;yes&quot;}\" data-widget_type=\"text-editor.default\">\n\t\t\t\t<div class=\"elementor-widget-container\">\n\t\t\t\t\t\t\t\t\t<div><pre>UNE QUESTION ?<br \/>UNE REMARQUE SUR LA R\u00c9SIDENCE, LE SITE INTERNET, \u2026 ?<br \/>UNE SUGGESTION ?<br \/>UNE IDEE ?<\/pre><\/div><div style=\"text-align: center;\"><b>Envoyez votre correspondance <\/b><span class=\"Apple-style-span\" style=\"color: #0000ff;\"><span class=\"Apple-style-span\"><b><i><a style=\"color: #0000ff;\" href=\"mailto:cs--v1@ansolo.fr\">ICI<\/a><\/i><\/b><\/span><\/span><\/div><p style=\"text-align: center;\"><span class=\"Apple-style-span\"><span class=\"Apple-style-span\" style=\"color: #ff0000;\"><b><i>en pr\u00e9cisant votre nom, b\u00e2timent et \u00e9tage.<\/i><\/b><\/span><\/span><\/p><p><span style=\"text-decoration: underline;\">IMPORTANT :<\/span><span style=\"color: #ff0000;\"><strong> lutte anti-pourriels<\/strong><\/span><br \/>L&rsquo;objet\/sujet de votre message doit commencer par <span style=\"color: #0000ff;\"><strong><span style=\"text-decoration: underline;\">V1<\/span><\/strong><\/span> pour le distinguer de spams, sinon il ne parviendra pas \u00e0 son destinataire !!<\/p>\t\t\t\t\t\t\t\t<\/div>\n\t\t\t\t<\/div>\n\t\t\t\t\t<\/div>\n\t\t<\/div>\n\t\t\t\t\t<\/div>\n\t\t<\/section>\n\t\t\t\t<\/div>\n\t\t","protected":false},"excerpt":{"rendered":"<p>UNE QUESTION ?UNE REMARQUE SUR LA R\u00c9SIDENCE, LE SITE INTERNET, \u2026 ?UNE SUGGESTION ?UNE IDEE ? Envoyez votre correspondance ICI en pr\u00e9cisant votre nom, b\u00e2timent et \u00e9tage. IMPORTANT : lutte anti-pourrielsL&rsquo;objet\/sujet de votre message doit commencer par V1 pour le distinguer de spams, sinon il ne parviendra pas \u00e0 son destinataire !!<\/p>\n","protected":false},"author":1,"featured_media":0,"parent":0,"menu_order":0,"comment_status":"closed","ping_status":"closed","template":"","meta":{"footnotes":""},"class_list":["post-688","page","type-page","status-publish","hentry"],"_links":{"self":[{"href":"https:\/\/ansolo.fr\/index.php?rest_route=\/wp\/v2\/pages\/688","targetHints":{"allow":["GET"]}}],"collection":[{"href":"https:\/\/ansolo.fr\/index.php?rest_route=\/wp\/v2\/pages"}],"about":[{"href":"https:\/\/ansolo.fr\/index.php?rest_route=\/wp\/v2\/types\/page"}],"author":[{"embeddable":true,"href":"https:\/\/ansolo.fr\/index.php?rest_route=\/wp\/v2\/users\/1"}],"replies":[{"embeddable":true,"href":"https:\/\/ansolo.fr\/index.php?rest_route=%2Fwp%2Fv2%2Fcomments&post=688"}],"version-history":[{"count":35,"href":"https:\/\/ansolo.fr\/index.php?rest_route=\/wp\/v2\/pages\/688\/revisions"}],"predecessor-version":[{"id":1794,"href":"https:\/\/ansolo.fr\/index.php?rest_route=\/wp\/v2\/pages\/688\/revisions\/1794"}],"wp:attachment":[{"href":"https:\/\/ansolo.fr\/index.php?rest_route=%2Fwp%2Fv2%2Fmedia&parent=688"}],"curies":[{"name":"wp","href":"https:\/\/api.w.org\/{rel}","templated":true}]}}